{"id":1913,"date":"2025-08-06T22:38:22","date_gmt":"2025-08-06T22:38:22","guid":{"rendered":"https:\/\/deutsch-alban.growdevs.com\/?page_id=1913"},"modified":"2025-09-02T13:33:58","modified_gmt":"2025-09-02T13:33:58","slug":"tarifat","status":"publish","type":"page","link":"https:\/\/deutsch-albanische-schule.al\/de\/programi\/tarifat\/","title":{"rendered":"Geb\u00fchren"},"content":{"rendered":"<div class=\"gb-element-2b841ba4\" style=\"--inline-bg-image: url(https:\/\/deutsch-albanische-schule.al\/wp-content\/uploads\/2025\/08\/Rectangle-116.jpg)\">\n<h2 class=\"gb-text gb-text-7ac437e3\">Geb\u00fchren<\/h2>\n<\/div>\n\n\n\n<div class=\"gb-element-a781515b\">\n<nav class=\"contained gb-element-4ddc3ee9 nav-wrapper\">\n<div class=\"gb-text gb-text-18043069\"><a href=\"https:\/\/deutsch-albanische-schule.al\/de\/\" data-type=\"page\" data-id=\"2\">Heim<\/a><\/div>\n\n\n\n<div class=\"gb-submenu-parent\">\n<div class=\"gb-text-970fc006\"><span class=\"gb-text\"><a href=\"https:\/\/deutsch-albanische-schule.al\/de\/programi\/programi-plani-mesimor\/\" data-type=\"link\" data-id=\"https:\/\/deutsch-albanische-schule.al\/programi\/programi-plani-mesimor\/\">Unterrichtsplan<\/a><\/span><span class=\"gb-shape\"><svg aria-hidden=\"true\" role=\"img\" height=\"1em\" width=\"1em\" viewbox=\"0 0 448 512\" xmlns=\"http:\/\/www.w3.org\/2000\/svg\"><path fill=\"currentColor\" d=\"M207.029 381.476L12.686 187.132c-9.373-9.373-9.373-24.569 0-33.941l22.667-22.667c9.357-9.357 24.522-9.375 33.901-.04L224 284.505l154.745-154.021c9.379-9.335 24.544-9.317 33.901.04l22.667 22.667c9.373 9.373 9.373 24.569 0 33.941L240.971 381.476c-9.373 9.372-24.569 9.372-33.942 0z\"><\/path><\/svg><\/span><\/div>\n\n\n\n<div class=\"gb-text gb-text-2371eab7 gb-submenu\"><a href=\"https:\/\/deutsch-albanische-schule.al\/de\/programi\/programi-plani-mesimor\/plani-mesimor-i-gjimnazit-aml\/\">AML-Gymnasiallehrplan<\/a><\/div>\n<\/div>\n\n\n\n<div class=\"gb-text gb-text-ae6bd43f\"><a href=\"https:\/\/deutsch-albanische-schule.al\/de\/programi\/ngarkesa-mesimore\/\">Lehrbelastung<\/a><\/div>\n\n\n\n<div class=\"gb-text gb-text-f42ef8cd\" href=\"https:\/\/deutsch-albanische-schule.al\/programi\/axhenda-ditore\/\"><a href=\"https:\/\/deutsch-albanische-schule.al\/de\/programi\/agjenda-ditore\/\" data-type=\"link\" data-id=\"https:\/\/deutsch-albanische-schule.al\/programi\/agjenda-ditore\/\">Tagesordnung<\/a><\/div>\n\n\n\n<div class=\"gb-text gb-text-e0257367\"><a href=\"https:\/\/deutsch-albanische-schule.al\/de\/programi\/aktivitetet-2024-2025\/\">Veranstaltungen<\/a><\/div>\n\n\n\n<div class=\"gb-text gb-text-08c7c867\"><a href=\"https:\/\/deutsch-albanische-schule.al\/de\/programi\/kalendari-i-vitit-shkollor-2024-2025\/\">Schulkalender<\/a><\/div>\n\n\n\n<div class=\"gb-text gb-text-cf62bc9f\"><a href=\"https:\/\/deutsch-albanische-schule.al\/de\/programi\/tarifat\/\">Geb\u00fchren<\/a><\/div>\n<\/nav>\n<\/div>\n\n\n\n<div>\n<div class=\"contained gb-element-834d1cb9\">\n<div class=\"gb-element-e2b1e783\">\t\t\t<!-- Flexy Breadcrumb -->\r\n\t\t\t<div class=\"fbc fbc-page\">\r\n\r\n\t\t\t\t<!-- Breadcrumb wrapper -->\r\n\t\t\t\t<div class=\"fbc-wrap\">\r\n\r\n\t\t\t\t\t<!-- Ordered list-->\r\n\t\t\t\t\t<ol class=\"fbc-items\" itemscope itemtype=\"https:\/\/schema.org\/BreadcrumbList\">\r\n\t\t\t\t\t\t            <li itemprop=\"itemListElement\" itemscope itemtype=\"https:\/\/schema.org\/ListItem\">\r\n                <span itemprop=\"name\">\r\n                    <!-- Home Link -->\r\n                    <a itemprop=\"item\" href=\"https:\/\/deutsch-albanische-schule.al\/de\/\">\r\n                    \r\n                        Heim                    <\/a>\r\n                <\/span>\r\n                <meta itemprop=\"position\" content=\"1\" \/><!-- Meta Position-->\r\n             <\/li><li><span class=\"fbc-separator\">><\/span><\/li><li class=\"active\" itemprop=\"itemListElement\" itemscope itemtype=\"https:\/\/schema.org\/ListItem\"><span itemprop=\"name\" title=\"Geb\u00fchren\">Geb\u00fchren<\/span><meta itemprop=\"position\" content=\"2\" \/><\/li>\t\t\t\t\t<\/ol>\r\n\t\t\t\t\t<div class=\"clearfix\"><\/div>\r\n\t\t\t\t<\/div>\r\n\t\t\t<\/div>\r\n\t\t\t\n<\/div>\n\n\n\n<div class=\"gb-element-16ecd5b1\">\n<div class=\"gb-text gb-text-8e85883b\">Geb\u00fchren f\u00fcr<\/div>\n<\/div>\n\n\n\n<h2 class=\"gb-text gb-text-daf9504e\">Schuljahr 2025-2026 (f\u00fcr DaF-Klassen)<\/h2>\n\n\n\n<div class=\"gb-element-17ea9813\">\n\n<div class=\"_df_book df-lite\" id=\"df_9989\"  _slug=\"vitin-shkollor-2025-2026-per-klasat-daf\" data-title=\"vitin-shkollor-2025-2026-per-klasat-daf\" wpoptions=\"true\" thumbtype=\"\" ><\/div><script class=\"df-shortcode-script\" nowprocket type=\"application\/javascript\">window.option_df_9989 = {\"outline\":[],\"autoEnableOutline\":\"false\",\"autoEnableThumbnail\":\"false\",\"overwritePDFOutline\":\"false\",\"direction\":\"1\",\"pageSize\":\"0\",\"source\":\"https:\\\/\\\/deutsch-albanische-schule.al\\\/wp-content\\\/uploads\\\/2025\\\/09\\\/Tarifat-2025-2026-klasa-DAF.pdf\",\"wpOptions\":\"true\"}; if(window.DFLIP && window.DFLIP.parseBooks){window.DFLIP.parseBooks();}<\/script>\n<\/div>\n<\/div>\n<\/div>\n\n\n\n<div class=\"gb-element-4cd47abe\">\n<div class=\"contained gb-element-2d7909b9\">\n<div class=\"gb-element-e960d280\">\n<div class=\"gb-text gb-text-c666f6bf\">Geb\u00fchren f\u00fcr<\/div>\n<\/div>\n\n\n\n<h2 class=\"gb-text gb-text-4679503e\">Schuljahr 2025-2026 (f\u00fcr DaZ-Kurse)<\/h2>\n\n\n\n<div class=\"gb-element-9abc1e30\">\n\n<div class=\"_df_book df-lite\" id=\"df_9999\"  _slug=\"vitin-shkollor-2025-2026-per-klasat-daz\" data-title=\"vitin-shkollor-2025-2026-per-klasat-daz\" wpoptions=\"true\" thumbtype=\"\" ><\/div><script class=\"df-shortcode-script\" nowprocket type=\"application\/javascript\">window.option_df_9999 = {\"outline\":[],\"autoEnableOutline\":\"false\",\"autoEnableThumbnail\":\"false\",\"overwritePDFOutline\":\"false\",\"direction\":\"1\",\"pageSize\":\"0\",\"source\":\"https:\\\/\\\/deutsch-albanische-schule.al\\\/wp-content\\\/uploads\\\/2025\\\/09\\\/Tarifat-2025-2026-klasa-gjermane-DaZ.pdf\",\"wpOptions\":\"true\"}; if(window.DFLIP && window.DFLIP.parseBooks){window.DFLIP.parseBooks();}<\/script>\n<\/div>\n<\/div>\n<\/div>\n\n\n\n<div class=\"gb-element-71319931\">\n<div class=\"contained gb-element-db8e544d\">\n<div class=\"gb-element-6aea4a3c\">\n<div class=\"gb-text gb-text-f9d9bb5d\">Geb\u00fchren f\u00fcr<\/div>\n<\/div>\n\n\n\n<h2 class=\"gb-text gb-text-83b51c06\">Schuljahr 2025-2026 (Vorschulklasse)<\/h2>\n\n\n\n<div class=\"gb-element-70e3ae95\">\n\n<div class=\"_df_book df-lite\" id=\"df_10003\"  _slug=\"vitin-shkollor-2025-2026-klasa-parashkollor\" data-title=\"vitin-shkollor-2025-2026-klasa-parashkollor\" wpoptions=\"true\" thumbtype=\"\" ><\/div><script class=\"df-shortcode-script\" nowprocket type=\"application\/javascript\">window.option_df_10003 = {\"outline\":[],\"autoEnableOutline\":\"false\",\"autoEnableThumbnail\":\"false\",\"overwritePDFOutline\":\"false\",\"direction\":\"1\",\"pageSize\":\"0\",\"source\":\"https:\\\/\\\/deutsch-albanische-schule.al\\\/wp-content\\\/uploads\\\/2025\\\/09\\\/Tarifat-2025-2026-klasa-parashkollor.pdf\",\"wpOptions\":\"true\"}; if(window.DFLIP && window.DFLIP.parseBooks){window.DFLIP.parseBooks();}<\/script>\n<\/div>\n<\/div>\n<\/div>\n\n\n\n<div class=\"gb-element-a781515b\">\n<nav class=\"contained gb-element-4ddc3ee9 nav-wrapper\">\n<div class=\"gb-text gb-text-18043069\"><a href=\"https:\/\/deutsch-albanische-schule.al\/de\/\" data-type=\"page\" data-id=\"2\">Heim<\/a><\/div>\n\n\n\n<div class=\"gb-submenu-parent\">\n<div class=\"gb-text-970fc006\"><span class=\"gb-text\"><a href=\"https:\/\/deutsch-albanische-schule.al\/de\/programi\/programi-plani-mesimor\/\" data-type=\"link\" data-id=\"https:\/\/deutsch-albanische-schule.al\/programi\/programi-plani-mesimor\/\">Unterrichtsplan<\/a><\/span><span class=\"gb-shape\"><svg aria-hidden=\"true\" role=\"img\" height=\"1em\" width=\"1em\" viewbox=\"0 0 448 512\" xmlns=\"http:\/\/www.w3.org\/2000\/svg\"><path fill=\"currentColor\" d=\"M207.029 381.476L12.686 187.132c-9.373-9.373-9.373-24.569 0-33.941l22.667-22.667c9.357-9.357 24.522-9.375 33.901-.04L224 284.505l154.745-154.021c9.379-9.335 24.544-9.317 33.901.04l22.667 22.667c9.373 9.373 9.373 24.569 0 33.941L240.971 381.476c-9.373 9.372-24.569 9.372-33.942 0z\"><\/path><\/svg><\/span><\/div>\n\n\n\n<div class=\"gb-text gb-text-2371eab7 gb-submenu\"><a href=\"https:\/\/deutsch-albanische-schule.al\/de\/programi\/programi-plani-mesimor\/plani-mesimor-i-gjimnazit-aml\/\">AML-Gymnasiallehrplan<\/a><\/div>\n<\/div>\n\n\n\n<div class=\"gb-text gb-text-ae6bd43f\"><a href=\"https:\/\/deutsch-albanische-schule.al\/de\/programi\/ngarkesa-mesimore\/\">Lehrbelastung<\/a><\/div>\n\n\n\n<div class=\"gb-text gb-text-f42ef8cd\" href=\"https:\/\/deutsch-albanische-schule.al\/programi\/axhenda-ditore\/\"><a href=\"https:\/\/deutsch-albanische-schule.al\/de\/programi\/agjenda-ditore\/\" data-type=\"link\" data-id=\"https:\/\/deutsch-albanische-schule.al\/programi\/agjenda-ditore\/\">Tagesordnung<\/a><\/div>\n\n\n\n<div class=\"gb-text gb-text-e0257367\"><a href=\"https:\/\/deutsch-albanische-schule.al\/de\/programi\/aktivitetet-2024-2025\/\">Veranstaltungen<\/a><\/div>\n\n\n\n<div class=\"gb-text gb-text-08c7c867\"><a href=\"https:\/\/deutsch-albanische-schule.al\/de\/programi\/kalendari-i-vitit-shkollor-2024-2025\/\">Schulkalender<\/a><\/div>\n\n\n\n<div class=\"gb-text gb-text-cf62bc9f\"><a href=\"https:\/\/deutsch-albanische-schule.al\/de\/programi\/tarifat\/\">Geb\u00fchren<\/a><\/div>\n<\/nav>\n<\/div>\n\n\n\n<div class=\"gb-element-754c2699\">\n<div class=\"contained gb-element-4c1eafb9\">\n<h2 class=\"gb-text gb-text-35d505a4\">Die Anmeldungen haben begonnen!<\/h2>\n\n\n\n<p class=\"gb-text gb-text-377e7629\">F\u00fcr weitere Informationen f\u00fcllen Sie bitte das untenstehende Formular aus. Wir werden Sie dann anrufen. <strong>Oder kontaktieren Sie uns unter der Telefonnummer <a href=\"tel:355684050304\">+355684050304<\/a><\/strong><\/p>\n\n\n\n<div class=\"gb-element-15be92e2\"><div class='fluentform ff-inherit-theme-style fluentform_wrapper_3  ff_guten_block'><form data-form_id=\"3\" id=\"fluentform_3\" class=\"frm-fluent-form fluent_form_3 ff-el-form-top ff_form_instance_3_1 ff-form-loading ff_has_v3_recptcha ffs_inherit_theme\" data-form_instance=\"ff_form_instance_3_1\" method=\"POST\" data-recptcha_key=\"6LfGXLsrAAAAACexEJl4rUtwFNV72oIICpE4-aya\" action=\"\" ><fieldset  style=\"border: none!important;margin: 0!important;padding: 0!important;background-color: transparent!important;box-shadow: none!important;outline: none!important; min-inline-size: 100%;\">\n                    <legend class=\"ff_screen_reader_title\" style=\"display: block; margin: 0!important;padding: 0!important;height: 0!important;text-indent: -999999px;width: 0!important;overflow:hidden;\">Anmeldeformular<\/legend>        <div\n                style=\"display: none!important; position: absolute!important; transform: translateX(1000%)!important;\"\n                class=\"ff-el-group ff-hpsf-container\"\n        >\n            <div class=\"ff-el-input--label asterisk-right\">\n                <label for=\"ff_3_item_sf\" aria-label=\"Newsletter\">\n                    Newsletter                <\/label>\n            <\/div>\n            <div class=\"ff-el-input--content\">\n                <input type=\"text\"\n                       name=\"item_3__fluent_sf\"\n                       class=\"ff-el-form-control\"\n                       id=\"ff_3_item_sf\"\n                \/>\n            <\/div>\n        <\/div>\n        <input type='hidden' name='__fluent_form_embded_post_id' value='1913' \/><input type=\"hidden\" id=\"_fluentform_3_fluentformnonce\" name=\"_fluentform_3_fluentformnonce\" value=\"1f4cfc5b5f\" \/><input type=\"hidden\" name=\"_wp_http_referer\" value=\"\/de\/wp-json\/wp\/v2\/pages\/1913\" \/><div data-name=\"ff_cn_id_1\"  class='ff-t-container ff-column-container ff_columns_total_3'><div class='ff-t-cell ff-t-column-1' style='flex-basis: 38%;'><div class='ff-el-group ff-el-form-hide_label'><div class=\"ff-el-input--label ff-el-is-required asterisk-right\"><label for='ff_3_email' aria-label=\"E-Mail\">E-Mail<\/label><\/div><div class='ff-el-input--content'><input type=\"email\" name=\"email\" id=\"ff_3_email\" class=\"ff-el-form-control\" placeholder=\"E-Mail\" data-name=\"email\"  aria-invalid=\"false\" aria-required=\"true\"><\/div><\/div><\/div><div class='ff-t-cell ff-t-column-2' style='flex-basis: 38%;'><div class='ff-el-group ff-el-form-hide_label'><div class=\"ff-el-input--label asterisk-right\"><label for='ff_3_phone' aria-label=\"Telefon\">Telefon<\/label><\/div><div class='ff-el-input--content'><input name=\"phone\" class=\"ff-el-form-control ff-el-phone\" type=\"tel\" placeholder=\"Telefon\" data-name=\"phone\" id=\"ff_3_phone\" inputmode=\"tel\"  aria-invalid='false' aria-required=\"false\"><\/div><\/div><\/div><div class='ff-t-cell ff-t-column-3' style='flex-basis: 24%;'><div class='ff-el-group ff-text-left ff_submit_btn_wrapper ff_submit_btn_wrapper_custom'><button class=\"ff-btn ff-btn-submit ff-btn-md ff_btn_style wpf_has_custom_css\" type=\"submit\" name=\"custom_submit_button-3_1\" data-name=\"custom_submit_button-3_1\" >Verlassen<\/button><style>form.fluent_form_3 .wpf_has_custom_css.ff-btn-submit { min-width:100%; }form.fluent_form_3 .wpf_has_custom_css.ff-btn-submit:hover { min-width:100%; } <\/style><\/div><\/div><\/div><\/fieldset><input type=\"hidden\" name=\"trp-form-language\" value=\"de\"\/><\/form><div id='fluentform_3_errors' class='ff-errors-in-stack ff_form_instance_3_1 ff-form-loading_errors ff_form_instance_3_1_errors'><\/div><\/div>            <script type=\"text\/javascript\">\n                window.fluent_form_ff_form_instance_3_1 = {\"id\":\"3\",\"settings\":{\"layout\":{\"labelPlacement\":\"top\",\"asteriskPlacement\":\"asterisk-right\",\"helpMessagePlacement\":\"with_label\",\"errorMessagePlacement\":\"inline\",\"cssClassName\":\"\"},\"restrictions\":{\"denyEmptySubmission\":{\"enabled\":false}}},\"form_instance\":\"ff_form_instance_3_1\",\"form_id_selector\":\"fluentform_3\",\"rules\":{\"email\":{\"required\":{\"value\":true,\"message\":\"This field is required\",\"global_message\":\"This field is required\",\"global\":true},\"email\":{\"value\":true,\"message\":\"This field must contain a valid email\",\"global_message\":\"This field must contain a valid email\",\"global\":true}},\"phone\":{\"required\":{\"value\":false,\"global\":true,\"message\":\"This field is required\",\"global_message\":\"This field is required\"},\"valid_phone_number\":{\"value\":false,\"global\":true,\"message\":\"Phone number is not valid\",\"global_message\":\"Phone number is not valid\"}}},\"debounce_time\":300};\n                            <\/script>\n            <\/div>\n\n\n\n<div class=\"gb-element-ff49172f\">\n<a class=\"btn-without-line\" download=\"Formulari i regjistrimit n\u00eb Shqip\" href=\"https:\/\/deutsch-albanische-schule.al\/wp-content\/uploads\/2025\/08\/Anmeldung-Formular-Albanisch-1.pdf\"><span class=\"gb-shape\"><svg width=\"25\" height=\"26\" viewbox=\"0 0 25 26\" fill=\"none\" xmlns=\"http:\/\/www.w3.org\/2000\/svg\">\n<path d=\"M19.4444 25.5H5.55554C4.07169 25.5 2.67659 24.9221 1.62721 23.8727C0.577886 22.8235 0 21.4284 0 19.9444V18.5555C0 17.7884 0.621794 17.1665 1.3889 17.1665C2.156 17.1665 2.77779 17.7884 2.77779 18.5555V19.9444C2.77779 20.6864 3.06676 21.3839 3.59133 21.9085C4.11604 22.4332 4.81357 22.7222 5.55554 22.7222H19.4444C20.1863 22.7222 20.8839 22.4332 21.4085 21.9085C21.9332 21.3838 22.2222 20.6863 22.2222 19.9444V18.5555C22.2222 17.7884 22.844 17.1665 23.6111 17.1665C24.3781 17.1665 25 17.7884 25 18.5555V19.9444C25 21.4283 24.4221 22.8233 23.3727 23.8727C22.3234 24.9221 20.9283 25.5 19.4444 25.5ZM12.5 19.9444C12.3078 19.9444 12.1249 19.9054 11.9585 19.8349C11.8033 19.7693 11.6574 19.674 11.5297 19.5493C11.5297 19.5493 11.5297 19.5492 11.5296 19.5492C11.5287 19.5484 11.5278 19.5474 11.5269 19.5465C11.5266 19.5463 11.5263 19.546 11.5261 19.5457C11.5253 19.5451 11.5246 19.5443 11.5239 19.5436C11.5234 19.5431 11.523 19.5427 11.5225 19.5422C11.522 19.5417 11.5214 19.5411 11.521 19.5407C11.52 19.5397 11.5189 19.5387 11.5179 19.5377L5.96235 13.9821C5.41998 13.4397 5.41998 12.5603 5.96235 12.0178C6.50473 11.4755 7.38419 11.4754 7.92657 12.0178L11.1111 15.2024V1.8889C11.1111 1.12179 11.7329 0.5 12.5 0.5C13.2671 0.5 13.8889 1.12179 13.8889 1.8889V15.2024L17.0734 12.0178C17.6158 11.4755 18.4953 11.4755 19.0376 12.0178C19.58 12.5602 19.58 13.4397 19.0376 13.9821L13.4821 19.5376C13.4811 19.5386 13.48 19.5396 13.479 19.5406C13.4785 19.5411 13.4779 19.5417 13.4775 19.5421C13.477 19.5426 13.4766 19.543 13.4761 19.5435C13.4754 19.5443 13.4746 19.545 13.474 19.5457C13.4737 19.5459 13.4734 19.5462 13.4731 19.5464C13.4723 19.5473 13.4713 19.5483 13.4704 19.5491C13.4704 19.5491 13.4704 19.5492 13.4703 19.5492C13.455 19.5641 13.4396 19.5786 13.4237 19.5927C13.3074 19.6964 13.1779 19.7773 13.0409 19.835C13.0405 19.8352 13.0401 19.8354 13.0396 19.8356C13.039 19.8358 13.0386 19.8361 13.0381 19.8362C12.8725 19.9059 12.6908 19.9444 12.5 19.9444Z\" fill=\"currentColor\"><\/path>\n<\/svg><\/span><span class=\"gb-text\">PDF auf Albanisch<\/span><\/a>\n\n\n\n<a class=\"btn-without-line gb-text-f734cdd9\" href=\"https:\/\/deutsch-albanische-schule.al\/wp-content\/uploads\/2025\/08\/German-registration.pdf\" download=\"Formulari i regjistrimit n\u00eb Gjermanisht\"><span class=\"gb-shape\"><svg width=\"25\" height=\"26\" viewbox=\"0 0 25 26\" fill=\"none\" xmlns=\"http:\/\/www.w3.org\/2000\/svg\">\n<path d=\"M19.4444 25.5H5.55554C4.07169 25.5 2.67659 24.9221 1.62721 23.8727C0.577886 22.8235 0 21.4284 0 19.9444V18.5555C0 17.7884 0.621794 17.1665 1.3889 17.1665C2.156 17.1665 2.77779 17.7884 2.77779 18.5555V19.9444C2.77779 20.6864 3.06676 21.3839 3.59133 21.9085C4.11604 22.4332 4.81357 22.7222 5.55554 22.7222H19.4444C20.1863 22.7222 20.8839 22.4332 21.4085 21.9085C21.9332 21.3838 22.2222 20.6863 22.2222 19.9444V18.5555C22.2222 17.7884 22.844 17.1665 23.6111 17.1665C24.3781 17.1665 25 17.7884 25 18.5555V19.9444C25 21.4283 24.4221 22.8233 23.3727 23.8727C22.3234 24.9221 20.9283 25.5 19.4444 25.5ZM12.5 19.9444C12.3078 19.9444 12.1249 19.9054 11.9585 19.8349C11.8033 19.7693 11.6574 19.674 11.5297 19.5493C11.5297 19.5493 11.5297 19.5492 11.5296 19.5492C11.5287 19.5484 11.5278 19.5474 11.5269 19.5465C11.5266 19.5463 11.5263 19.546 11.5261 19.5457C11.5253 19.5451 11.5246 19.5443 11.5239 19.5436C11.5234 19.5431 11.523 19.5427 11.5225 19.5422C11.522 19.5417 11.5214 19.5411 11.521 19.5407C11.52 19.5397 11.5189 19.5387 11.5179 19.5377L5.96235 13.9821C5.41998 13.4397 5.41998 12.5603 5.96235 12.0178C6.50473 11.4755 7.38419 11.4754 7.92657 12.0178L11.1111 15.2024V1.8889C11.1111 1.12179 11.7329 0.5 12.5 0.5C13.2671 0.5 13.8889 1.12179 13.8889 1.8889V15.2024L17.0734 12.0178C17.6158 11.4755 18.4953 11.4755 19.0376 12.0178C19.58 12.5602 19.58 13.4397 19.0376 13.9821L13.4821 19.5376C13.4811 19.5386 13.48 19.5396 13.479 19.5406C13.4785 19.5411 13.4779 19.5417 13.4775 19.5421C13.477 19.5426 13.4766 19.543 13.4761 19.5435C13.4754 19.5443 13.4746 19.545 13.474 19.5457C13.4737 19.5459 13.4734 19.5462 13.4731 19.5464C13.4723 19.5473 13.4713 19.5483 13.4704 19.5491C13.4704 19.5491 13.4704 19.5492 13.4703 19.5492C13.455 19.5641 13.4396 19.5786 13.4237 19.5927C13.3074 19.6964 13.1779 19.7773 13.0409 19.835C13.0405 19.8352 13.0401 19.8354 13.0396 19.8356C13.039 19.8358 13.0386 19.8361 13.0381 19.8362C12.8725 19.9059 12.6908 19.9444 12.5 19.9444Z\" fill=\"currentColor\"><\/path>\n<\/svg><\/span><span class=\"gb-text\">PDF auf Deutsch<\/span><\/a>\n<\/div>\n<\/div>\n<\/div>","protected":false},"excerpt":{"rendered":"<p>Tarifat Tarifat p\u00ebr Vitin Shkollor 2025-2026 (p\u00ebr klasat DaF) Tarifat p\u00ebr Vitin Shkollor 2025-2026 (p\u00ebr klasat DaZ) Tarifat p\u00ebr Vitin Shkollor 2025-2026 (klasa parashkollor)<\/p>","protected":false},"author":2,"featured_media":0,"parent":773,"menu_order":0,"comment_status":"closed","ping_status":"closed","template":"","meta":{"_acf_changed":false,"inline_featured_image":false,"footnotes":""},"class_list":["post-1913","page","type-page","status-publish"],"acf":[],"_links":{"self":[{"href":"https:\/\/deutsch-albanische-schule.al\/de\/wp-json\/wp\/v2\/pages\/1913","targetHints":{"allow":["GET"]}}],"collection":[{"href":"https:\/\/deutsch-albanische-schule.al\/de\/wp-json\/wp\/v2\/pages"}],"about":[{"href":"https:\/\/deutsch-albanische-schule.al\/de\/wp-json\/wp\/v2\/types\/page"}],"author":[{"embeddable":true,"href":"https:\/\/deutsch-albanische-schule.al\/de\/wp-json\/wp\/v2\/users\/2"}],"replies":[{"embeddable":true,"href":"https:\/\/deutsch-albanische-schule.al\/de\/wp-json\/wp\/v2\/comments?post=1913"}],"version-history":[{"count":0,"href":"https:\/\/deutsch-albanische-schule.al\/de\/wp-json\/wp\/v2\/pages\/1913\/revisions"}],"up":[{"embeddable":true,"href":"https:\/\/deutsch-albanische-schule.al\/de\/wp-json\/wp\/v2\/pages\/773"}],"wp:attachment":[{"href":"https:\/\/deutsch-albanische-schule.al\/de\/wp-json\/wp\/v2\/media?parent=1913"}],"curies":[{"name":"wp","href":"https:\/\/api.w.org\/{rel}","templated":true}]}}