{"id":1221,"date":"2025-08-05T12:39:59","date_gmt":"2025-08-05T12:39:59","guid":{"rendered":"https:\/\/deutsch-alban.growdevs.com\/?page_id=1221"},"modified":"2025-08-12T17:30:12","modified_gmt":"2025-08-12T17:30:12","slug":"rregullat-e-bibliotekes","status":"publish","type":"page","link":"https:\/\/deutsch-albanische-schule.al\/de\/informacione\/rregullat-e-bibliotekes\/","title":{"rendered":"Bibliotheksregeln"},"content":{"rendered":"<div class=\"gb-element-2e0791d3\">\n<div class=\"contained gb-element-7f29eac1\">\n<h1 class=\"gb-text gb-text-3dc1450e\">Bibliotheksregeln<\/h1>\n<\/div>\n<\/div>\n\n\n\n<div>\n<div class=\"contained gb-element-834d1cb9\">\n<div class=\"gb-element-b9b92074\">\t\t\t<!-- Flexy Breadcrumb -->\r\n\t\t\t<div class=\"fbc fbc-page\">\r\n\r\n\t\t\t\t<!-- Breadcrumb wrapper -->\r\n\t\t\t\t<div class=\"fbc-wrap\">\r\n\r\n\t\t\t\t\t<!-- Ordered list-->\r\n\t\t\t\t\t<ol class=\"fbc-items\" itemscope itemtype=\"https:\/\/schema.org\/BreadcrumbList\">\r\n\t\t\t\t\t\t            <li itemprop=\"itemListElement\" itemscope itemtype=\"https:\/\/schema.org\/ListItem\">\r\n                <span itemprop=\"name\">\r\n                    <!-- Home Link -->\r\n                    <a itemprop=\"item\" href=\"https:\/\/deutsch-albanische-schule.al\/de\/\">\r\n                    \r\n                        Heim                    <\/a>\r\n                <\/span>\r\n                <meta itemprop=\"position\" content=\"1\" \/><!-- Meta Position-->\r\n             <\/li><li><span class=\"fbc-separator\">><\/span><\/li><li class=\"active\" itemprop=\"itemListElement\" itemscope itemtype=\"https:\/\/schema.org\/ListItem\"><span itemprop=\"name\" title=\"Bibliotheksregeln\">Bibliotheksregeln<\/span><meta itemprop=\"position\" content=\"2\" \/><\/li>\t\t\t\t\t<\/ol>\r\n\t\t\t\t\t<div class=\"clearfix\"><\/div>\r\n\t\t\t\t<\/div>\r\n\t\t\t<\/div>\r\n\t\t\t\n<\/div>\n\n\n\n<div class=\"gb-element-17ea9813\">\n<h2 class=\"gb-text gb-text-97d15f2c\">Deutsch-Albanische Schulbibliothek<\/h2>\n\n\n\n<div class=\"gb-element-e98b25dc\">\n<img loading=\"lazy\" decoding=\"async\" width=\"966\" height=\"400\" class=\"gb-media-8eace3f8\" alt=\"\" src=\"https:\/\/deutsch-albanische-schule.al\/wp-content\/uploads\/2025\/08\/2150772067-1.jpg\" title=\"2150772067 1\" srcset=\"https:\/\/deutsch-albanische-schule.al\/wp-content\/uploads\/2025\/08\/2150772067-1.jpg 966w, https:\/\/deutsch-albanische-schule.al\/wp-content\/uploads\/2025\/08\/2150772067-1-300x124.jpg 300w, https:\/\/deutsch-albanische-schule.al\/wp-content\/uploads\/2025\/08\/2150772067-1-768x318.jpg 768w\" sizes=\"auto, (max-width: 966px) 100vw, 966px\" \/>\n<\/div>\n\n\n\n<p class=\"gb-text gb-text-6129d12e\">Die Bibliothek dient dazu, sicherzustellen, dass Studierende ungest\u00f6rt und in Ruhe lernen, lesen oder forschen k\u00f6nnen. Damit dies gew\u00e4hrleistet ist, m\u00fcssen die folgenden Verhaltensregeln beachtet werden:<\/p>\n\n\n\n<p class=\"gb-text gb-text-fab53552\">1. Niemand darf den kleinen Bibliotheksraum ohne Erlaubnis betreten.<\/p>\n\n\n\n<p class=\"gb-text gb-text-e5ffdffe\">2. Alle Bibliotheksnutzer verhalten sich gegen\u00fcber dem Bibliothekar, den Lehrkr\u00e4ften, Eltern und anderen anwesenden Sch\u00fclern respektvoll. Bei Nichteinhaltung dieser Regel gelten die Schulregeln.<\/p>\n\n\n\n<p class=\"gb-text gb-text-2b856857\">3. Essen und Trinken ist in der Bibliothek verboten.<\/p>\n\n\n\n<p class=\"gb-text gb-text-b5735e95\">4. Die Benutzung von Mobiltelefonen ist in der Bibliothek ebenfalls verboten. Die Schulordnung gilt auch in der Bibliothek.<\/p>\n\n\n\n<p class=\"gb-text gb-text-950dabd8\">5. B\u00fccher und DVDs sollten sorgsam behandelt werden, damit alle Sch\u00fcler sie im gleichen Zustand verwenden.<\/p>\n\n\n\n<p class=\"gb-text gb-text-85d484d7\">6. B\u00fccher oder andere Medien, die nicht mehr benutzt\/gelesen werden, werden auf dem B\u00fccherwagen und nicht auf dem Tisch abgelegt.<\/p>\n\n\n\n<p class=\"gb-text gb-text-e70c46df\">7. Ausgeliehene B\u00fccher oder andere Medien werden bei der R\u00fcckgabe dem Bibliothekar \u00fcbergeben und nicht auf den B\u00fccherwagen gestellt.<\/p>\n\n\n\n<h3 class=\"gb-text gb-text-5fe5f333\">VERHALTENSREGELN<\/h3>\n\n\n\n<div class=\"gb-element-ca7137b7\">\n<ul class=\"wp-block-list\">\n<li>Wir r\u00e4umen Spiele und Buntstifte genauso weg, wie wir sie vorgefunden haben.<\/li>\n\n\n\n<li>Wir sammeln das Papier ein, das wir nicht mehr ben\u00f6tigen, und werfen den Abfall in den Papierkorb.<\/li>\n\n\n\n<li>Wir schreiben oder zeichnen nicht auf Tischoberfl\u00e4chen.<\/li>\n<\/ul>\n<\/div>\n<\/div>\n\n\n\n<div class=\"gb-element-26848bbc\">\n<h3 class=\"gb-text gb-text-bedb07b9\">Weitere Informationen<\/h3>\n\n\n\n<div class=\"gb-element-33f224dc\">\n<a class=\"gb-element-806b73c7\" href=\"https:\/\/deutsch-albanische-schule.al\/de\/informacione\/rregullat-e-shkolles\/\">\n<div class=\"gb-text gb-text-5cb0a7fd\">Schulregeln<\/div>\n<\/a>\n\n\n\n<a class=\"gb-element-0dafad6b\" href=\"https:\/\/deutsch-albanische-schule.al\/de\/menuja-mujore\/\">\n<div class=\"gb-text gb-text-285d8681\">Monatsmen\u00fc<\/div>\n<\/a>\n\n\n\n<a class=\"gb-element-250891a6\" href=\"https:\/\/deutsch-albanische-schule.al\/de\/vende-te-lira\/\">\n<div class=\"gb-text gb-text-6e3dd212\">Freie Pl\u00e4tze<\/div>\n<\/a>\n<\/div>\n<\/div>\n<\/div>\n<\/div>\n\n\n\n<div class=\"gb-element-754c2699\">\n<div class=\"contained gb-element-4c1eafb9\">\n<h2 class=\"gb-text gb-text-35d505a4\">Die Anmeldungen haben begonnen!<\/h2>\n\n\n\n<p class=\"gb-text gb-text-377e7629\">F\u00fcr weitere Informationen f\u00fcllen Sie bitte das untenstehende Formular aus. Wir werden Sie dann anrufen. <strong>Oder kontaktieren Sie uns unter der Telefonnummer <a href=\"tel:355684050304\">+355684050304<\/a><\/strong><\/p>\n\n\n\n<div class=\"gb-element-15be92e2\"><div class='fluentform ff-inherit-theme-style fluentform_wrapper_3  ff_guten_block'><form data-form_id=\"3\" id=\"fluentform_3\" class=\"frm-fluent-form fluent_form_3 ff-el-form-top ff_form_instance_3_1 ff-form-loading ff_has_v3_recptcha ffs_inherit_theme\" data-form_instance=\"ff_form_instance_3_1\" method=\"POST\" data-recptcha_key=\"6LfGXLsrAAAAACexEJl4rUtwFNV72oIICpE4-aya\" action=\"\" ><fieldset  style=\"border: none!important;margin: 0!important;padding: 0!important;background-color: transparent!important;box-shadow: none!important;outline: none!important; min-inline-size: 100%;\">\n                    <legend class=\"ff_screen_reader_title\" style=\"display: block; margin: 0!important;padding: 0!important;height: 0!important;text-indent: -999999px;width: 0!important;overflow:hidden;\">Anmeldeformular<\/legend>        <div\n                style=\"display: none!important; position: absolute!important; transform: translateX(1000%)!important;\"\n                class=\"ff-el-group ff-hpsf-container\"\n        >\n            <div class=\"ff-el-input--label asterisk-right\">\n                <label for=\"ff_3_item_sf\" aria-label=\"Kontakt\">\n                    Kontakt                <\/label>\n            <\/div>\n            <div class=\"ff-el-input--content\">\n                <input type=\"text\"\n                       name=\"item_3__fluent_sf\"\n                       class=\"ff-el-form-control\"\n                       id=\"ff_3_item_sf\"\n                \/>\n            <\/div>\n        <\/div>\n        <input type='hidden' name='__fluent_form_embded_post_id' value='1221' \/><input type=\"hidden\" id=\"_fluentform_3_fluentformnonce\" name=\"_fluentform_3_fluentformnonce\" value=\"1f4cfc5b5f\" \/><input type=\"hidden\" name=\"_wp_http_referer\" value=\"\/de\/wp-json\/wp\/v2\/pages\/1221\" \/><div data-name=\"ff_cn_id_1\"  class='ff-t-container ff-column-container ff_columns_total_3'><div class='ff-t-cell ff-t-column-1' style='flex-basis: 38%;'><div class='ff-el-group ff-el-form-hide_label'><div class=\"ff-el-input--label ff-el-is-required asterisk-right\"><label for='ff_3_email' aria-label=\"E-Mail\">E-Mail<\/label><\/div><div class='ff-el-input--content'><input type=\"email\" name=\"email\" id=\"ff_3_email\" class=\"ff-el-form-control\" placeholder=\"E-Mail\" data-name=\"email\"  aria-invalid=\"false\" aria-required=\"true\"><\/div><\/div><\/div><div class='ff-t-cell ff-t-column-2' style='flex-basis: 38%;'><div class='ff-el-group ff-el-form-hide_label'><div class=\"ff-el-input--label asterisk-right\"><label for='ff_3_phone' aria-label=\"Telefon\">Telefon<\/label><\/div><div class='ff-el-input--content'><input name=\"phone\" class=\"ff-el-form-control ff-el-phone\" type=\"tel\" placeholder=\"Telefon\" data-name=\"phone\" id=\"ff_3_phone\" inputmode=\"tel\"  aria-invalid='false' aria-required=\"false\"><\/div><\/div><\/div><div class='ff-t-cell ff-t-column-3' style='flex-basis: 24%;'><div class='ff-el-group ff-text-left ff_submit_btn_wrapper ff_submit_btn_wrapper_custom'><button class=\"ff-btn ff-btn-submit ff-btn-md ff_btn_style wpf_has_custom_css\" type=\"submit\" name=\"custom_submit_button-3_1\" data-name=\"custom_submit_button-3_1\" >Verlassen<\/button><style>form.fluent_form_3 .wpf_has_custom_css.ff-btn-submit { min-width:100%; }form.fluent_form_3 .wpf_has_custom_css.ff-btn-submit:hover { min-width:100%; } <\/style><\/div><\/div><\/div><\/fieldset><input type=\"hidden\" name=\"trp-form-language\" value=\"de\"\/><\/form><div id='fluentform_3_errors' class='ff-errors-in-stack ff_form_instance_3_1 ff-form-loading_errors ff_form_instance_3_1_errors'><\/div><\/div>            <script type=\"text\/javascript\">\n                window.fluent_form_ff_form_instance_3_1 = {\"id\":\"3\",\"settings\":{\"layout\":{\"labelPlacement\":\"top\",\"asteriskPlacement\":\"asterisk-right\",\"helpMessagePlacement\":\"with_label\",\"errorMessagePlacement\":\"inline\",\"cssClassName\":\"\"},\"restrictions\":{\"denyEmptySubmission\":{\"enabled\":false}}},\"form_instance\":\"ff_form_instance_3_1\",\"form_id_selector\":\"fluentform_3\",\"rules\":{\"email\":{\"required\":{\"value\":true,\"message\":\"This field is required\",\"global_message\":\"This field is required\",\"global\":true},\"email\":{\"value\":true,\"message\":\"This field must contain a valid email\",\"global_message\":\"This field must contain a valid email\",\"global\":true}},\"phone\":{\"required\":{\"value\":false,\"global\":true,\"message\":\"This field is required\",\"global_message\":\"This field is required\"},\"valid_phone_number\":{\"value\":false,\"global\":true,\"message\":\"Phone number is not valid\",\"global_message\":\"Phone number is not valid\"}}},\"debounce_time\":300};\n                            <\/script>\n            <\/div>\n\n\n\n<div class=\"gb-element-ff49172f\">\n<a class=\"btn-without-line\" download=\"Formulari i regjistrimit n\u00eb Shqip\" href=\"https:\/\/deutsch-albanische-schule.al\/wp-content\/uploads\/2025\/08\/Anmeldung-Formular-Albanisch-1.pdf\"><span class=\"gb-shape\"><svg width=\"25\" height=\"26\" viewbox=\"0 0 25 26\" fill=\"none\" xmlns=\"http:\/\/www.w3.org\/2000\/svg\">\n<path d=\"M19.4444 25.5H5.55554C4.07169 25.5 2.67659 24.9221 1.62721 23.8727C0.577886 22.8235 0 21.4284 0 19.9444V18.5555C0 17.7884 0.621794 17.1665 1.3889 17.1665C2.156 17.1665 2.77779 17.7884 2.77779 18.5555V19.9444C2.77779 20.6864 3.06676 21.3839 3.59133 21.9085C4.11604 22.4332 4.81357 22.7222 5.55554 22.7222H19.4444C20.1863 22.7222 20.8839 22.4332 21.4085 21.9085C21.9332 21.3838 22.2222 20.6863 22.2222 19.9444V18.5555C22.2222 17.7884 22.844 17.1665 23.6111 17.1665C24.3781 17.1665 25 17.7884 25 18.5555V19.9444C25 21.4283 24.4221 22.8233 23.3727 23.8727C22.3234 24.9221 20.9283 25.5 19.4444 25.5ZM12.5 19.9444C12.3078 19.9444 12.1249 19.9054 11.9585 19.8349C11.8033 19.7693 11.6574 19.674 11.5297 19.5493C11.5297 19.5493 11.5297 19.5492 11.5296 19.5492C11.5287 19.5484 11.5278 19.5474 11.5269 19.5465C11.5266 19.5463 11.5263 19.546 11.5261 19.5457C11.5253 19.5451 11.5246 19.5443 11.5239 19.5436C11.5234 19.5431 11.523 19.5427 11.5225 19.5422C11.522 19.5417 11.5214 19.5411 11.521 19.5407C11.52 19.5397 11.5189 19.5387 11.5179 19.5377L5.96235 13.9821C5.41998 13.4397 5.41998 12.5603 5.96235 12.0178C6.50473 11.4755 7.38419 11.4754 7.92657 12.0178L11.1111 15.2024V1.8889C11.1111 1.12179 11.7329 0.5 12.5 0.5C13.2671 0.5 13.8889 1.12179 13.8889 1.8889V15.2024L17.0734 12.0178C17.6158 11.4755 18.4953 11.4755 19.0376 12.0178C19.58 12.5602 19.58 13.4397 19.0376 13.9821L13.4821 19.5376C13.4811 19.5386 13.48 19.5396 13.479 19.5406C13.4785 19.5411 13.4779 19.5417 13.4775 19.5421C13.477 19.5426 13.4766 19.543 13.4761 19.5435C13.4754 19.5443 13.4746 19.545 13.474 19.5457C13.4737 19.5459 13.4734 19.5462 13.4731 19.5464C13.4723 19.5473 13.4713 19.5483 13.4704 19.5491C13.4704 19.5491 13.4704 19.5492 13.4703 19.5492C13.455 19.5641 13.4396 19.5786 13.4237 19.5927C13.3074 19.6964 13.1779 19.7773 13.0409 19.835C13.0405 19.8352 13.0401 19.8354 13.0396 19.8356C13.039 19.8358 13.0386 19.8361 13.0381 19.8362C12.8725 19.9059 12.6908 19.9444 12.5 19.9444Z\" fill=\"currentColor\"><\/path>\n<\/svg><\/span><span class=\"gb-text\">PDF auf Albanisch<\/span><\/a>\n\n\n\n<a class=\"btn-without-line gb-text-f734cdd9\" href=\"https:\/\/deutsch-albanische-schule.al\/wp-content\/uploads\/2025\/08\/German-registration.pdf\" download=\"Formulari i regjistrimit n\u00eb Gjermanisht\"><span class=\"gb-shape\"><svg width=\"25\" height=\"26\" viewbox=\"0 0 25 26\" fill=\"none\" xmlns=\"http:\/\/www.w3.org\/2000\/svg\">\n<path d=\"M19.4444 25.5H5.55554C4.07169 25.5 2.67659 24.9221 1.62721 23.8727C0.577886 22.8235 0 21.4284 0 19.9444V18.5555C0 17.7884 0.621794 17.1665 1.3889 17.1665C2.156 17.1665 2.77779 17.7884 2.77779 18.5555V19.9444C2.77779 20.6864 3.06676 21.3839 3.59133 21.9085C4.11604 22.4332 4.81357 22.7222 5.55554 22.7222H19.4444C20.1863 22.7222 20.8839 22.4332 21.4085 21.9085C21.9332 21.3838 22.2222 20.6863 22.2222 19.9444V18.5555C22.2222 17.7884 22.844 17.1665 23.6111 17.1665C24.3781 17.1665 25 17.7884 25 18.5555V19.9444C25 21.4283 24.4221 22.8233 23.3727 23.8727C22.3234 24.9221 20.9283 25.5 19.4444 25.5ZM12.5 19.9444C12.3078 19.9444 12.1249 19.9054 11.9585 19.8349C11.8033 19.7693 11.6574 19.674 11.5297 19.5493C11.5297 19.5493 11.5297 19.5492 11.5296 19.5492C11.5287 19.5484 11.5278 19.5474 11.5269 19.5465C11.5266 19.5463 11.5263 19.546 11.5261 19.5457C11.5253 19.5451 11.5246 19.5443 11.5239 19.5436C11.5234 19.5431 11.523 19.5427 11.5225 19.5422C11.522 19.5417 11.5214 19.5411 11.521 19.5407C11.52 19.5397 11.5189 19.5387 11.5179 19.5377L5.96235 13.9821C5.41998 13.4397 5.41998 12.5603 5.96235 12.0178C6.50473 11.4755 7.38419 11.4754 7.92657 12.0178L11.1111 15.2024V1.8889C11.1111 1.12179 11.7329 0.5 12.5 0.5C13.2671 0.5 13.8889 1.12179 13.8889 1.8889V15.2024L17.0734 12.0178C17.6158 11.4755 18.4953 11.4755 19.0376 12.0178C19.58 12.5602 19.58 13.4397 19.0376 13.9821L13.4821 19.5376C13.4811 19.5386 13.48 19.5396 13.479 19.5406C13.4785 19.5411 13.4779 19.5417 13.4775 19.5421C13.477 19.5426 13.4766 19.543 13.4761 19.5435C13.4754 19.5443 13.4746 19.545 13.474 19.5457C13.4737 19.5459 13.4734 19.5462 13.4731 19.5464C13.4723 19.5473 13.4713 19.5483 13.4704 19.5491C13.4704 19.5491 13.4704 19.5492 13.4703 19.5492C13.455 19.5641 13.4396 19.5786 13.4237 19.5927C13.3074 19.6964 13.1779 19.7773 13.0409 19.835C13.0405 19.8352 13.0401 19.8354 13.0396 19.8356C13.039 19.8358 13.0386 19.8361 13.0381 19.8362C12.8725 19.9059 12.6908 19.9444 12.5 19.9444Z\" fill=\"currentColor\"><\/path>\n<\/svg><\/span><span class=\"gb-text\">PDF auf Deutsch<\/span><\/a>\n<\/div>\n<\/div>\n<\/div>","protected":false},"excerpt":{"rendered":"<p>Rregullat e Bibliotek\u00ebs Biblioteka e Shkoll\u00ebs Gjermano-Shqiptare Biblioteka sh\u00ebrben q\u00eb student\u00ebt t\u00eb mund t\u00eb m\u00ebsojn\u00eb, lexojn\u00eb ose hulumtojn\u00eb pa shqet\u00ebsime dhe n\u00eb qet\u00ebsi. Q\u00eb kjo t\u00eb ndodh\u00eb, duhet t\u00eb zbatohen rregullat e m\u00ebposhtme t\u00eb sjelljes: 1. Askush nuk lejohet t\u00eb hyj\u00eb n\u00eb dhom\u00ebn e vog\u00ebl t\u00eb bibliotek\u00ebs pa leje. 2. T\u00eb gjith\u00eb p\u00ebrdoruesit e bibliotek\u00ebs &#8230; <a title=\"Bibliotheksregeln\" class=\"read-more\" href=\"https:\/\/deutsch-albanische-schule.al\/de\/informacione\/rregullat-e-bibliotekes\/\" aria-label=\"Mehr Informationen \u00fcber Rregullat e Bibliotek\u00ebs\">Weiterlesen<\/a><\/p>","protected":false},"author":3,"featured_media":0,"parent":1320,"menu_order":0,"comment_status":"closed","ping_status":"closed","template":"","meta":{"_acf_changed":false,"inline_featured_image":false,"footnotes":""},"class_list":["post-1221","page","type-page","status-publish"],"acf":[],"_links":{"self":[{"href":"https:\/\/deutsch-albanische-schule.al\/de\/wp-json\/wp\/v2\/pages\/1221","targetHints":{"allow":["GET"]}}],"collection":[{"href":"https:\/\/deutsch-albanische-schule.al\/de\/wp-json\/wp\/v2\/pages"}],"about":[{"href":"https:\/\/deutsch-albanische-schule.al\/de\/wp-json\/wp\/v2\/types\/page"}],"author":[{"embeddable":true,"href":"https:\/\/deutsch-albanische-schule.al\/de\/wp-json\/wp\/v2\/users\/3"}],"replies":[{"embeddable":true,"href":"https:\/\/deutsch-albanische-schule.al\/de\/wp-json\/wp\/v2\/comments?post=1221"}],"version-history":[{"count":0,"href":"https:\/\/deutsch-albanische-schule.al\/de\/wp-json\/wp\/v2\/pages\/1221\/revisions"}],"up":[{"embeddable":true,"href":"https:\/\/deutsch-albanische-schule.al\/de\/wp-json\/wp\/v2\/pages\/1320"}],"wp:attachment":[{"href":"https:\/\/deutsch-albanische-schule.al\/de\/wp-json\/wp\/v2\/media?parent=1221"}],"curies":[{"name":"wp","href":"https:\/\/api.w.org\/{rel}","templated":true}]}}